{"id":837,"date":"2024-05-14T06:58:50","date_gmt":"2024-05-14T06:58:50","guid":{"rendered":"https:\/\/ie2024.ijs.si\/?page_id=837"},"modified":"2024-06-16T05:23:05","modified_gmt":"2024-06-16T05:23:05","slug":"conference-program","status":"publish","type":"page","link":"https:\/\/ie2024.ijs.si\/index.php\/conference-program\/","title":{"rendered":"Conference Program"},"content":{"rendered":"\n<h4 class=\"wp-block-heading\"><mark style=\"background-color:rgba(0, 0, 0, 0);color:#26ad73\" class=\"has-inline-color\">Monday, June 17 &#8211; Workshops &amp; Tutorials<\/mark><\/h4>\n\n\n\n<p><strong>Registration 8:30-13:30<\/strong><\/p>\n\n\n\n<figure class=\"wp-block-table\">\n  <table>\n    <colgroup>\n      <col style=\"width: 10%;\">\n      <col style=\"width: 45%;\">\n      <col style=\"width: 45%;\">\n    <\/colgroup>\n    <thead>\n      <tr>\n        <th><\/th>\n        <th class=\"has-text-align-left\" data-align=\"left\">Workshop<\/th>\n        <th class=\"has-text-align-left\" data-align=\"left\">Tutorial<\/th>\n      <\/tr>\n    <\/thead>\n    <tbody>\n      <tr>\n        <td>9:00 &#8211; 10:30<\/td>\n        <td class=\"has-text-align-left\" data-align=\"left\"><\/td>\n        <td class=\"has-text-align-left\" data-align=\"left\">Blockchain Applications and Development with an Intelligent Environment: <br>An Easy Start<\/td>\n      <\/tr>\n      <tr style=\"background-color: #DBD7D2;\">\n        <td>10:30 &#8211; 11:00<\/td>\n        <td class=\"has-text-align-left\" data-align=\"left\" colspan=\"2\"><strong>COFFEE BREAK<\/strong><\/td>\n      <\/tr>\n      <tr>\n        <td>11:00 &#8211; 12:30<\/td>\n        <td class=\"has-text-align-left\" data-align=\"left\"><\/td>\n        <td class=\"has-text-align-left\" data-align=\"left\">Generating Highly Realistic Doppelg\u00e4nger Avatars: <br>Technical Methodologies and Psychological Considerations in Virtual Environments<\/td>\n      <\/tr>\n      <tr style=\"background-color: #DBD7D2;\">\n        <td>12:30 &#8211; 13:30<\/td>\n        <td class=\"has-text-align-left\" data-align=\"left\" colspan=\"2\"><strong>LUNCH BREAK<\/strong><\/td>\n      <\/tr>\n      <tr>\n        <td>13:30 &#8211; 15:00<\/td>\n        <td class=\"has-text-align-left\" data-align=\"left\"><strong>WoRIE 2024<\/strong> &#8211; 13th International Workshop <br>on the Reliability of Intelligent Environments<\/td>\n        <td class=\"has-text-align-left\" data-align=\"left\">Digital Agriculture: <br>Informatics, technologies and user-centered design<\/td>\n      <\/tr>\n      <tr style=\"background-color: #DBD7D2;\">\n        <td>15:00 &#8211; 15:30<\/td>\n        <td class=\"has-text-align-left\" data-align=\"left\" colspan=\"2\"><strong>COFFEE BREAK<\/strong><\/td>\n      <\/tr>\n      <tr>\n        <td>15:30 &#8211; 17:00<\/td>\n        <td class=\"has-text-align-left\" data-align=\"left\"><strong>WoRIE 2024<\/strong> &#8211; 13th International Workshop <br>on the Reliability of Intelligent Environments<\/td>\n        <td class=\"has-text-align-left\" data-align=\"left\">Digital Agriculture: <br>Informatics, technologies and user-centered design<\/td>\n      <\/tr>\n      <tr style=\"background-color: #DBD7D2;\">\n        <td>17:00 &#8211; 20:00<\/td>\n        <td class=\"has-text-align-left\" data-align=\"left\" colspan=\"2\"><strong>WELCOME RECEPTION<\/strong><\/td>\n      <\/tr>\n    <\/tbody>\n  <\/table>\n<\/figure>\n\n\n\n<h4 class=\"wp-block-heading\"><mark style=\"background-color:rgba(0, 0, 0, 0);color:#26ad73\" class=\"has-inline-color\">Tuesday, June 18 &#8211; Workshops &amp; Tutorials<\/mark><\/h4>\n\n\n\n<p><strong>Registration 8:30-11:00<\/strong><\/p>\n\n\n\n<figure class=\"wp-block-table\">\n    <table style=\"width: 100%;\">\n        <thead>\n            <tr>\n                <th style=\"width: 10%;\"><\/th>\n                <th class=\"has-text-align-left\" data-align=\"left\" style=\"width: 45%;\">Workshop<\/th>\n                <th style=\"width: 45%;\">Tutorial<\/th>\n            <\/tr>\n        <\/thead>\n        <tbody>\n            <tr>\n                <td>9:00 &#8211; 10:30<\/td>\n                <td class=\"has-text-align-left\" data-align=\"left\">\n                    <strong>ALLEGET 2024<\/strong> &#8211; 4th International Workshop on <br>Artificial Intelligence and Machine Learning for Emerging Topics\n                <\/td>\n                <td><\/td>\n            <\/tr>\n            <tr style=\"background-color: #DBD7D2;\">\n                <td>10:30 &#8211; 11:00<\/td>\n                <td class=\"has-text-align-left\" data-align=\"left\" colspan=\"2\">\n                    <strong>COFFEE BREAK<\/strong>\n                <\/td>\n            <\/tr>\n            <tr>\n                <td>11:00 &#8211; 12:30<\/td>\n                <td class=\"has-text-align-left\" data-align=\"left\">\n                    <strong>ALLEGET 2024<\/strong> &#8211; 4th International Workshop on <br>Artificial Intelligence and Machine Learning for Emerging Topics\n                <\/td>\n                <td>Sensor-based Activity Recognition in Emerging Domains<\/td>\n            <\/tr>\n            <tr style=\"background-color: #DBD7D2;\">\n                <td>12:30 &#8211; 13:30<\/td>\n                <td class=\"has-text-align-left\" data-align=\"left\" colspan=\"2\">\n                    <strong>LUNCH BREAK<\/strong>\n                <\/td>\n            <\/tr>\n            <tr>\n                <td>13:30 &#8211; 15:00<\/td>\n                <td class=\"has-text-align-left\" data-align=\"left\">\n                    <strong>WISHWell 2024<\/strong> &#8211; 13th International Workshop on <br>Intelligent Environments Supporting Healthcare and Well-being\n                <\/td>\n                <td>TinyML for Sustainable Development<\/td>\n            <\/tr>\n            <tr style=\"background-color: #DBD7D2;\">\n                <td>15:00 &#8211; 15:30<\/td>\n                <td class=\"has-text-align-left\" data-align=\"left\" colspan=\"2\">\n                    <strong>COFFEE BREAK<\/strong>\n                <\/td>\n            <\/tr>\n            <tr>\n                <td>15:30 &#8211; 17:00<\/td>\n                <td class=\"has-text-align-left\" data-align=\"left\">\n                    <strong>WISHWell 2024<\/strong> &#8211; 13th International Workshop on <br>Intelligent Environments Supporting Healthcare and Well-being\n                <\/td>\n                <td>Empowering Intelligent Environments: <br>Sensing, Recognition, and Tracking<\/td>\n            <\/tr>\n        <\/tbody>\n    <\/table>\n<\/figure>\n\n\n\n<h4 class=\"wp-block-heading\"><mark style=\"background-color:rgba(0, 0, 0, 0);color:#26ad73\" class=\"has-inline-color\">Wednesday, June 19 &#8211; Main conference<\/mark><\/h4>\n\n\n\n<p><strong>Registration 8:30-11:00<\/strong><\/p>\n\n\n\n<figure class=\"wp-block-table\">\n  <table>\n    <thead>\n      <tr>\n        <th style=\"width: 10%;\">Time<\/th>\n        <th>Program<\/th>\n      <\/tr>\n    <\/thead>\n    <tbody>\n      <tr>\n        <td style=\"width: 10%;\">9:00 &#8211; 9:30<\/td>\n        <td><strong>OPENING<\/strong><\/td>\n      <\/tr>\n      <tr>\n        <td style=\"width: 10%;\">9:30 &#8211; 10:30<\/td>\n        <td><strong>Keynote 1:<\/strong> Paul Lukowicz &#8211; <em>Large Language (Multimodal) Models: The Secret Sauce to Make Intelligent Environments Truly Intelligent<\/em> (chair Hristijan Gjoreski)<\/td>\n      <\/tr>\n      <tr  style=\"background-color: #DBD7D2;\">\n        <td style=\"width: 10%;\">10:30 &#8211; 11:00<\/td>\n        <td><strong>COFFEE BREAK<\/strong><\/td>\n      <\/tr>\n      <tr>\n        <td style=\"width: 10%;\">11:00 &#8211; 12:00<\/td>\n        <td><strong><mark style=\"background-color:rgba(0, 0, 0, 0);color:#26ad73\" class=\"has-inline-color\">SESSION 1: Human activity recognition<\/mark><\/strong> (3 papers @ 20 min, chair Stefano Chessa)<br>\n          <strong>Feasibility of Living Activity Recognition with Frequency-Shift WiFi Backscatter Tags in Homes<\/strong><br>\n          <em>Hikoto Iseda (Nara Institute of Science and Technology, Japan), Keiichi Yasumoto (Nara Institute of Science and Technology, Japan; RIKEN Center for Advanced Intelligence Project AIP, Japan), Akira Uchiyama (Osaka University, Japan), Teruo Higashino (Osaka University, Japan; Kyoto Tachibana University, Japan<\/em>)<br><br>\n          <strong>Multi-Frequency Federated Learning for Human Activity Recognition using Head-Worn Sensors<\/strong><br>\n          <em>Dario Fenoglio (Universit\u00e0 della Svizzera italiana, Switzerland), Mohan Li (Universit\u00e0 della Svizzera italiana, Switzerland), Davide Casnici (Universit\u00e0 della Svizzera italiana, Switzerland), Mat\u00edas Laporte (Universit\u00e0 della Svizzera italiana, Switzerland), Shkurta Gashi (ETH Zurich, Switzerland), Silvia Santini (Universit\u00e0 della Svizzera italiana, Switzerland), Martin Gjoreski (Universit\u00e0 della Svizzera italiana, Switzerland), Marc Langheinrich (Universit\u00e0 della Svizzera italiana, Switzerland)<\/em>\n<br><br>\n          <strong>Boosting the Performance of Lightweight HAR Models with Attention and Knowledge Distillation<\/strong><br>\n          <em>Sumeyye Agac (Bogazi\u00e7i University, Turkey), Ozlem Durmaz Incel (Bogazi\u00e7i University, Turkey)<\/em>        <\/td>\n      <\/tr>\n      <tr>\n        <td style=\"width: 10%;\">12:00 &#8211; 13:00<\/td>\n        <td><strong><mark style=\"background-color:rgba(0, 0, 0, 0);color:#26ad73\" class=\"has-inline-color\">SESSION 2: Smart health<\/mark><\/strong> (3 papers @ 20 min, chair Mario Quinde)<br>\n          <strong>Exploring the Efficacy of Robotic Assistants with ChatGPT and Claude in Enhancing ADHD Therapy: Innovating Treatment Paradigms<\/strong><br>\n          <em>Santiago Berrezueta-Guzman (Technical University of Munich), Mohanad Kandil (Technical University of Munich), Mar\u00eda-Luisa Mart\u00edn-Ruiz (Universidad Polit\u00e9cnica de Madrid), Iv\u00e1n Pau de la Cruz (Universidad Polit\u00e9cnica de Madrid), Stephan Krusche (Technical University of Munich)<\/em><br><br>\n          <strong>Convergence Rate Maximization for Split Learning-Based Control of EMG Prosthetic Devices<br><\/strong>\n          <em>Matea Marinova (Ss. Cyril and Methodius University, North Macedonia), Daniel Denkovski (Ss. Cyril and Methodius University, North Macedonia), Hristijan Gjoreski (Ss. Cyril and Methodius University, North Macedonia), Zoran Hadzi-Velkov (Ss. Cyril and Methodius University, North Macedonia), Valentin Rakovic (Ss. Cyril and Methodius University, North Macedonia)<\/em>\n<br><br>\n          <strong>Inception Residual Network for Brain Tumor Segmentation<br><\/strong>\n          <em>Jihen Fourati (University of Gafsa, Tunisia), Mohamed Othmani (University of Gafsa, Tunisia), Khawla Ben Salah (University of Gafsa, Tunisia), Hela Ltifi (Faculty of Sciences and Techniques of Sidi Bouzid, University of Kairouan, Tunisia)<\/em>\n        <\/td>\n      <\/tr>\n      <tr  style=\"background-color: #DBD7D2;\">\n        <td style=\"width: 10%;\">13:00 &#8211; 14:00<\/td>\n        <td><strong>LUNCH BREAK<\/strong><\/td>\n      <\/tr>\n      <tr>\n        <td style=\"width: 10%;\">14:00 &#8211; 16:00<\/td>\n        <td><strong><mark style=\"background-color:rgba(0, 0, 0, 0);color:#26ad73\" class=\"has-inline-color\">SESSION 3: Sensing techniques and case studies<\/mark><\/strong> (6 papers @ 20 min, chair Massimo Mecella)<br>\n          <strong>Efficient Real-Time On-the-edge Facial Expression Recognition using Optomyography Smart Glasses<\/strong><br>\n          <em>Bojan Sofronievski (Emteq Ltd., UK), Ivana Kiprijanovska (Emteq Ltd., UK), Simon Stankoski (Emteq Ltd., UK), Borjan Sazdov (Emteq Ltd., UK), Josif Kjosev (Ss. Cyril and Methodius University in Skopje, N. Macedonia), Charles Nduka (Emteq Ltd., UK), Hristijan Gjoreski (Ss. Cyril and Methodius University in Skopje, N. Macedonia; Emteq Ltd., UK)<\/em><br><br>\n\n            <strong>Bee Counted \u2013 An Intelligent System for Counting Honeybees in Images and Videos<\/strong><br>\n            <em>Gordon Hunter (Kingston University, UK), Theo Qu\u00e9m\u00e9r\u00e9-Kerleau (ENSI-CAEN, France), John Futcher (Kingston University, UK), Krzysztof Siatkowski (Kingston University, UK)<\/em><br><br>\n          <strong>Enhancing Sentiment Analysis on Social Media: Integrating Text and Metadata for Refined Insights<\/strong><br>\n          <em>Gabriel Guerrero-Contreras (University of Cadiz, Spain), Sara Balderas-D\u00edaz (University of Cadiz, Spain), Alejandro Serrano-Fern\u00e1ndez (University of Cadiz, Spain), Andr\u00e9s Mu\u00f1oz (University of Cadiz, Spain)<\/em><br><br>\n            <strong>Analysis of Characteristic Functions on Shapley Values in Machine Learning<\/strong><br>\n            <em>Parisa Jamshidi (Halmstad University, Sweden), Slawomir Nowaczyk (Halmstad University, Sweden), Mahmoud Rahat (Halmstad University, Sweden)<em\/><br><br>\n          <strong>Device Identification based on Power Waveform using USB-PD Negotiation<br><\/strong>\n          <em>Takumi Wada (Aoyama Gakuin University, Japan), Yuusuke Kawakita (Kanagawa Institute of Technology, Japan), Haruhisa Ichikawa (The University of Electro-Communications, Japan), Shinji Yokogawa (The University of Electro-Communications, Japan), Yoshito Tobe (Aoyama Gakuin University, Japan)<\/em><br><br>\n          <strong>Multitarget Wastewater Quality Assessment in a Smart Industry Context<br><\/strong>\n          <em>Marco Cardia (University of Pisa, Italy), Stefano Chessa (University of Pisa, Italy), Alessio Micheli (University of Pisa, Italy), Antonella Giuliana Luminare (ARCHA S.R.L., Italy), Massimiliano Franceschi (ARCHA S.R.L., Italy), Francesca Gambineri (ARCHA S.R.L., Italy)<\/em>\n        <\/td>\n      <\/tr>\n      <tr  style=\"background-color: #DBD7D2;\">\n        <td style=\"width: 10%;\">16:00 &#8211; 16:30<\/td>\n        <td><strong>COFFEE BREAK<\/strong><\/td>\n      <\/tr>\n      <tr>\n        <td style=\"width: 10%;\">16:30 &#8211; 17:30<\/td>\n        <td><strong>Keynote 2:<\/strong> Shamsi T. Iqbal &#8211; <em>Am I redundant? How AI will shape the Future of Work<\/em> (chair Daniel Denkovski)<\/td>\n      <\/tr>\n      <tr>\n        <td style=\"width: 10%;\">18:30 &#8211; 19:30<\/td>\n        <td>Guided tour of Ljubljana<\/td>\n      <\/tr>\n      <tr  style=\"background-color: #DBD7D2;\">\n        <td style=\"width: 10%;\">19:30 &#8211; 23:00<\/td>\n        <td><strong>GALA DINNER<\/strong><\/td>\n      <\/tr>\n    <\/tbody>\n  <\/table>\n<\/figure>\n\n\n\n<h4 class=\"wp-block-heading\"><mark style=\"background-color:rgba(0, 0, 0, 0);color:#26ad73\" class=\"has-inline-color\">Thursday, June 20 &#8211; Main conference<\/mark><\/h4>\n\n\n\n<p><strong>Registration 8:30-11:10<\/strong><\/p>\n\n\n\n<figure class=\"wp-block-table\">\n  <table>\n    <thead>\n      <tr>\n        <th style=\"width: 10%;\">Time<\/th>\n        <th>Program<\/th>\n      <\/tr>\n    <\/thead>\n    <tbody>\n      <tr>\n        <td style=\"width: 10%;\">9:00 &#8211; 10:00<\/td>\n        <td><strong>Keynote 3:<\/strong> Toru Ishida &amp; Mika Yasuoka &#8211; <em>Digital City, Smart City and Beyond<\/em> (chair Nina Re\u0161\u010di\u010d)<\/td>\n      <\/tr>\n      <tr>\n        <td style=\"width: 10%;\">10:00 &#8211; 10:40<\/td>\n        <td>\n          <strong><mark style=\"background-color:rgba(0, 0, 0, 0);color:#26ad73\" class=\"has-inline-color\">SESSION 4: Short papers <\/mark><\/strong>(4 papers @ 10 min, chair Anton Gradi\u0161ek)\n          <br><strong>Generating Human Daily Activities with LLM for Smart Home Simulator Agents<br><\/strong><em>Haruki Yonekura (Osaka University, Japan), Fukuharu Tanaka (Osaka University, Japan),<\/em><em> Teruhiro Mizumoto (Chiba Institute of Technology, Japan), Hirozumi Yamaguchi (Osaka University, Japan)<\/em>\n          <br><br><strong>Smart Beehive Monitoring System for Identification of Relevant Beehive Events<br><\/strong><em>Maj Smerkol (Jo\u017eef Stefan Institute, Slovenia), \u017dan \u0160e\u0161et (University of Ljubljana, Slovenia), Bor Bergant (University of Primorska, Slovenia), Samo Simoncic (Senso4s d.o.o., Slovenia), Miha Fin\u017egar (Senso4s d.o.o., Slovenia), Anton Gradi\u0161ek (Institute Jo\u017eef Stefan, Slovenia)<\/em>\n          <br><br><strong>Consistent IoT Systems: A Perspective Based on Paraconsistent Descriptive Logic<br><\/strong><em>Miguel P\u00e9rez-Gaspar (Universidad Nacional Aut\u00f3noma de M\u00e9xico, Mexico), Javier Gomez (Universidad Nacional Aut\u00f3noma de M\u00e9xico, Mexico), Everardo B\u00e1rcenas (Universidad Nacional Aut\u00f3noma de M\u00e9xico, Mexico), Francisco Garc\u00eda (Universidad Nacional Aut\u00f3noma de M\u00e9xico, Mexico)<\/em>\n          <br><br><strong>Empowering Helpers: Reversing Roles in Paediatric Rehab with Humanoid Robots and Sensory Games<br><\/strong><em>Leila Mouzehkesh Pirborj (Western Sydney University, Australia), Fady Alnajjar (United Arab Emirate University, UAE), Saman Shafigh (Canva company, Australia)<\/em>\n        <\/td>\n      <\/tr>\n      <tr  style=\"background-color: #DBD7D2;\">\n        <td style=\"width: 10%;\">10:40 &#8211; 11:10<\/td>\n        <td><strong>COFFEE BREAK<\/strong><\/td>\n      <\/tr>\n      <tr>\n        <td style=\"width: 10%;\">11:10 &#8211; 12:30<\/td>\n        <td>Industrial forum (chair Bojan Bla\u017eica)<\/td>\n      <\/tr>\n      <tr>\n        <td style=\"width: 10%;\">12:30 &#8211; 13:00<\/td>\n        <td>Demos (chair Juno\u0161 Lukan)<\/td>\n      <\/tr>\n      <tr  style=\"background-color: #DBD7D2;\">\n        <td style=\"width: 10%;\">13:00 &#8211; 14:00<\/td>\n        <td><strong>LUNCH BREAK<\/strong><\/td>\n      <\/tr>\n      <tr>\n        <td style=\"width: 10%;\">14:00 &#8211; 15:20<\/td>\n        <td>\n          <strong><mark style=\"background-color:rgba(0, 0, 0, 0);color:#26ad73\" class=\"has-inline-color\">SESSION 5: Intelligent transportation and smart spaces<\/mark> <\/strong>(4 papers @ 20 min, chair Andres Mu\u00f1oz Ortega)<br>\n\n<strong>Cemetery: More Human, Intelligent, and Sustainable<br><\/strong><em>Armando Luciano Carvalho Agostini (Federal University of Santa Catarina, Brazil), Carlo Mafr\u00f3i (Federal University of Santa Catarina, Brazil), Ricardo Pereira (Federal University of Santa Catarina, Brazil), Eduardo Moreira Costa (Federal University of Santa Catarina, Brazil), Neri dos Santos (Federal University of Santa Catarina, Brazil)<\/em>\n<br><br>\n<strong>A Reinforcement Learning-Based Metaheuristic Algorithm for On-Demand Ride-Pooling<br><\/strong><em>Klavdiya Bochenina (University of Helsinki, Finland), Laura Ruotsalainen (University of Helsinki, Finland)<\/em>\n<br><br>\n<strong>Gaining Insight into User Behaviour and Systematically Determining User Location via Bluetooth Low Energy Beacon Optimisation<br><\/strong><em>Stefan Michael Anthony Benedict (Middlesex University, United Kingdom), Juan Carlos Augusto (Middlesex University, United Kingdom), Omer Faruk Kacar (Middlesex University, United Kingdom)<\/em>\n<br><br>\n<strong>A Comprehensive Review of Open Source Intelligence in Intelligent Transportation Systems<br><\/strong><em>Bilal Emir U\u00e7ar (CCIP, Center for Cyber Security and Critical Infrastructure Protection Kadir Has University, Turkey), Mert Ilhan Ecevit (CCIP, Center for Cyber Security and Critical Infrastructure Protection Kadir Has University, Turkey), Hasan Dag (CCIP, Center for Cyber Security and Critical Infrastructure Protection Kadir Has University, Turkey), Reiner Creutzburg (SRH Berlin University of Technology)<\/em>\n               <\/td>\n      <\/tr>\n      <tr  style=\"background-color: #DBD7D2;\">\n        <td style=\"width: 10%;\">15:20 &#8211; 15:50<\/td>\n        <td><strong>COFFEE BREAK<\/strong><\/td>\n      <\/tr>\n      <tr>\n        <td style=\"width: 10%;\">15:50 &#8211; 16:50<\/td>\n        <td><strong>Keynote 4:<\/strong> Mozafar Saadat &#8211; <em>Robotic Disassembly for Intelligent Remanufacturing<\/em> (chair Ga\u0161per Slapni\u010dar)<\/td>\n      <\/tr>\n      <tr  style=\"background-color: #DBD7D2;\">\n        <td style=\"width: 10%;\">16:50 &#8211; 17:20<\/td>\n        <td>Awards &amp; closing<\/td>\n      <\/tr>\n    <\/tbody>\n  <\/table>\n<\/figure>\n","protected":false},"excerpt":{"rendered":"<p>Monday, June 17 &#8211; Workshops &amp; Tutorials Registration 8:30-13:30 Workshop Tutorial 9:00 &#8211; 10:30 Blockchain Applications and Development with an Intelligent Environment: An Easy Start 10:30 &#8211; 11:00 COFFEE BREAK 11:00 &#8211; 12:30 Generating Highly Realistic Doppelg\u00e4nger Avatars: Technical Methodologies and Psychological Considerations in Virtual Environments 12:30 &#8211; 13:30 LUNCH BREAK 13:30 &#8211; 15:00 WoRIE &hellip; <\/p>\n","protected":false},"author":1,"featured_media":0,"parent":0,"menu_order":0,"comment_status":"closed","ping_status":"closed","template":"","meta":{"inline_featured_image":false,"footnotes":""},"class_list":["post-837","page","type-page","status-publish","hentry","latest_post"],"_links":{"self":[{"href":"https:\/\/ie2024.ijs.si\/index.php\/wp-json\/wp\/v2\/pages\/837","targetHints":{"allow":["GET"]}}],"collection":[{"href":"https:\/\/ie2024.ijs.si\/index.php\/wp-json\/wp\/v2\/pages"}],"about":[{"href":"https:\/\/ie2024.ijs.si\/index.php\/wp-json\/wp\/v2\/types\/page"}],"author":[{"embeddable":true,"href":"https:\/\/ie2024.ijs.si\/index.php\/wp-json\/wp\/v2\/users\/1"}],"replies":[{"embeddable":true,"href":"https:\/\/ie2024.ijs.si\/index.php\/wp-json\/wp\/v2\/comments?post=837"}],"version-history":[{"count":63,"href":"https:\/\/ie2024.ijs.si\/index.php\/wp-json\/wp\/v2\/pages\/837\/revisions"}],"predecessor-version":[{"id":949,"href":"https:\/\/ie2024.ijs.si\/index.php\/wp-json\/wp\/v2\/pages\/837\/revisions\/949"}],"wp:attachment":[{"href":"https:\/\/ie2024.ijs.si\/index.php\/wp-json\/wp\/v2\/media?parent=837"}],"curies":[{"name":"wp","href":"https:\/\/api.w.org\/{rel}","templated":true}]}}