{"id":57,"date":"2023-06-23T09:10:39","date_gmt":"2023-06-23T09:10:39","guid":{"rendered":"https:\/\/ie2024.ijs.si\/?page_id=57"},"modified":"2023-12-07T09:33:52","modified_gmt":"2023-12-07T09:33:52","slug":"organising-committe","status":"publish","type":"page","link":"https:\/\/ie2024.ijs.si\/index.php\/organising-committe\/","title":{"rendered":"Organising Committee"},"content":{"rendered":"\n<p class=\"has-extra-small-font-size\"><strong>Honorary chair:<\/strong><\/p>\n\n\n\n<p class=\"has-extra-small-font-size\">Matja\u017e Gams, Jo\u017eef Stefan Institute, Slovenia<\/p>\n\n\n\n<p class=\"has-extra-small-font-size\"><strong>General chairs:<\/strong><\/p>\n\n\n\n<p class=\"has-extra-small-font-size\">Mitja Lu\u0161trek, Jo\u017eef Stefan Institute, Slovenia<\/p>\n\n\n\n<p class=\"has-extra-small-font-size\">Hristijan Gjoreski, Ss. Cyril and Methodius University in Skopje, North Macedonia<\/p>\n\n\n\n<p class=\"has-extra-small-font-size\"><strong>Programme chair(s):<\/strong><\/p>\n\n\n\n<p class=\"has-extra-small-font-size\">Carles Gomez Montenegro, Universitat Polit\u00e8cnica de Catalunya, Spain<\/p>\n\n\n\n<p class=\"has-extra-small-font-size\"><strong>Local organising committee chair:<\/strong><\/p>\n\n\n\n<p class=\"has-extra-small-font-size\">Nina Re\u0161\u010di\u010d, Jo\u017eef Stefan Institute, Slovenia<\/p>\n\n\n\n<p class=\"has-extra-small-font-size\"><strong>Workshops chairs:<\/strong><\/p>\n\n\n\n<p class=\"has-extra-small-font-size\">Jian Yu, Auckland University of Technology, New Zealand<\/p>\n\n\n\n<p class=\"has-extra-small-font-size\">Miguel J. Hornos, University of Granada, Spain<\/p>\n\n\n\n<p class=\"has-extra-small-font-size\">Ga\u0161per Slapni\u010dar, Jo\u017eef Stefan Institute, Slovenia<\/p>\n\n\n\n<p class=\"has-extra-small-font-size\"><strong>Posters and short papers chairs:<\/strong><\/p>\n\n\n\n<p class=\"has-extra-small-font-size\">Lanyu Xu, Oakland University, USA<\/p>\n\n\n\n<p class=\"has-extra-small-font-size\">Filipa Ferreira-Brito, University of Lisbon, Portugal<\/p>\n\n\n\n<p>Anton Gradi\u0161ek, Jo\u017eef Stefan Institute, Slovenia<\/p>\n\n\n\n<p class=\"has-extra-small-font-size\"><strong>Doctoral colloquium chairs:<\/strong><\/p>\n\n\n\n<p class=\"has-extra-small-font-size\">Aditya Santokhee, Middlesex University,&nbsp; Mauritius<\/p>\n\n\n\n<p class=\"has-extra-small-font-size\">Orhan Konak, Hasso Plattner Institute, Germany<\/p>\n\n\n\n<p class=\"has-extra-small-font-size\">Bernard \u017denko, Jo\u017eef Stefan Institute, Slovenia<\/p>\n\n\n\n<p class=\"has-extra-small-font-size\"><strong>Demos and videos chairs:<\/strong><\/p>\n\n\n\n<p class=\"has-extra-small-font-size\">Daniel Denkovski, Ss. Cyril and Methodius University in Skopje, North Macedonia<\/p>\n\n\n\n<p class=\"has-extra-small-font-size\">Juno\u0161 Lukan, Jo\u017eef Stefan Institute, Slovenia<\/p>\n\n\n\n<p class=\"has-extra-small-font-size\"><strong>Special sessions chairs:<\/strong><\/p>\n\n\n\n<p class=\"has-extra-small-font-size\">Bilal Farooq, Toronto Metropolitan University, Canada<\/p>\n\n\n\n<p class=\"has-extra-small-font-size\">Ihsane Gryech, K.U. Leuven, Belgium<\/p>\n\n\n\n<p class=\"has-extra-small-font-size\"><strong>Keynotes and tutorials chairs:<\/strong><\/p>\n\n\n\n<p class=\"has-extra-small-font-size\">Hirozumi Yamaguchi, Osaka University, Japan<\/p>\n\n\n\n<p class=\"has-extra-small-font-size\">Antonino Crivello, CNR, Italy<\/p>\n\n\n\n<p class=\"has-extra-small-font-size\">Veljko Pejovi\u0107, University of Ljubljana, Slovenia<\/p>\n\n\n\n<p class=\"has-extra-small-font-size\"><strong>Journal special issues chairs:<\/strong><\/p>\n\n\n\n<p class=\"has-extra-small-font-size\">Sira Yongchareon, Auckland University of Technology, New Zealand<\/p>\n\n\n\n<p class=\"has-extra-small-font-size\">Andr\u00e9s Mu\u00f1oz Ortega, University of Cadiz, Spain<\/p>\n\n\n\n<p class=\"has-extra-small-font-size\"><strong>Publicity, WWW and social media chairs:<\/strong><\/p>\n\n\n\n<p class=\"has-extra-small-font-size\">Jeannette Chin, University of East Anglia, UK<\/p>\n\n\n\n<p>Jagriti Saini, Eternal RESTEM, India<\/p>\n\n\n\n<p class=\"has-extra-small-font-size\">Bla\u017e Mahni\u010d, Jo\u017eef Stefan Institute, Slovenia<\/p>\n\n\n\n<p class=\"has-extra-small-font-size\"><strong>Awards and prizes chair:<\/strong><\/p>\n\n\n\n<p class=\"has-extra-small-font-size\">Ruizhi Liao, The Chinese University of Hong Kong, China<\/p>\n\n\n\n<p class=\"has-extra-small-font-size\">Carlos Rodr\u00edguez Dom\u00ednguez, University of Granada, Spain<\/p>\n\n\n\n<p class=\"has-extra-small-font-size\">Goran Vojkovi\u0107, University of Zagreb, Croatia<\/p>\n\n\n\n<p class=\"has-extra-small-font-size\"><strong>Professional societies liaison:<\/strong><\/p>\n\n\n\n<p class=\"has-extra-small-font-size\">Mario Quinde Li Say Tan, Universidad de Piura, Peru<\/p>\n\n\n\n<p class=\"has-extra-small-font-size\">Juan Carlos Augusto, Middlesex University, UK<\/p>\n\n\n\n<p class=\"has-extra-small-font-size\"><strong>Industrial forum chairs(s)<\/strong><\/p>\n\n\n\n<p class=\"has-extra-small-font-size\">Bojan Bla\u017eica, Jo\u017eef Stefan Institute, Slovenia<\/p>\n\n\n\n<p>Abdennadher Nabil, University of Applied Sciences of Western Switzerland (HES-SO)<\/p>\n\n\n\n<figure class=\"wp-block-image size-full\"><img decoding=\"async\" src=\"data:image\/gif;base64,R0lGODlhAQABAAAAACH5BAEKAAEALAAAAAABAAEAAAICTAEAOw==\" data-layzr=\"http:\/\/ie2024.ijs.si\/wp-content\/uploads\/2023\/06\/logo.jpg\" alt=\"\" class=\"wp-image-72\"\/><\/figure>\n","protected":false},"excerpt":{"rendered":"<p>Honorary chair: Matja\u017e Gams, Jo\u017eef Stefan Institute, Slovenia General chairs: Mitja Lu\u0161trek, Jo\u017eef Stefan Institute, Slovenia Hristijan Gjoreski, Ss. Cyril and Methodius University in Skopje, North Macedonia Programme chair(s): Carles Gomez Montenegro, Universitat Polit\u00e8cnica de Catalunya, Spain Local organising committee chair: Nina Re\u0161\u010di\u010d, Jo\u017eef Stefan Institute, Slovenia Workshops chairs: Jian Yu, Auckland University of Technology, &hellip; <\/p>\n","protected":false},"author":1,"featured_media":31,"parent":0,"menu_order":0,"comment_status":"closed","ping_status":"closed","template":"","meta":{"inline_featured_image":false,"footnotes":""},"class_list":["post-57","page","type-page","status-publish","has-post-thumbnail","hentry","latest_post"],"_links":{"self":[{"href":"https:\/\/ie2024.ijs.si\/index.php\/wp-json\/wp\/v2\/pages\/57","targetHints":{"allow":["GET"]}}],"collection":[{"href":"https:\/\/ie2024.ijs.si\/index.php\/wp-json\/wp\/v2\/pages"}],"about":[{"href":"https:\/\/ie2024.ijs.si\/index.php\/wp-json\/wp\/v2\/types\/page"}],"author":[{"embeddable":true,"href":"https:\/\/ie2024.ijs.si\/index.php\/wp-json\/wp\/v2\/users\/1"}],"replies":[{"embeddable":true,"href":"https:\/\/ie2024.ijs.si\/index.php\/wp-json\/wp\/v2\/comments?post=57"}],"version-history":[{"count":13,"href":"https:\/\/ie2024.ijs.si\/index.php\/wp-json\/wp\/v2\/pages\/57\/revisions"}],"predecessor-version":[{"id":734,"href":"https:\/\/ie2024.ijs.si\/index.php\/wp-json\/wp\/v2\/pages\/57\/revisions\/734"}],"wp:featuredmedia":[{"embeddable":true,"href":"https:\/\/ie2024.ijs.si\/index.php\/wp-json\/wp\/v2\/media\/31"}],"wp:attachment":[{"href":"https:\/\/ie2024.ijs.si\/index.php\/wp-json\/wp\/v2\/media?parent=57"}],"curies":[{"name":"wp","href":"https:\/\/api.w.org\/{rel}","templated":true}]}}