{"id":222,"date":"2023-09-13T12:45:53","date_gmt":"2023-09-13T12:45:53","guid":{"rendered":"https:\/\/ie2024.ijs.si\/?page_id=222"},"modified":"2024-02-07T11:42:52","modified_gmt":"2024-02-07T11:42:52","slug":"pc-members","status":"publish","type":"page","link":"https:\/\/ie2024.ijs.si\/index.php\/pc-members\/","title":{"rendered":"Program committee"},"content":{"rendered":"\n<div class=\"wp-block-columns is-layout-flex wp-container-core-columns-is-layout-9d6595d7 wp-block-columns-is-layout-flex\">\n<div class=\"wp-block-column is-layout-flow wp-block-column-is-layout-flow\" style=\"flex-basis:33.33%\">\n<p>Nabil Abdennadher<br>Shabir Ahmad<br>Khalil Al Hussaeni<br>Mohammed M. Alani<br>Ra\u00fal Teodoro Aquino Santos<br>Juan Carlos Augusto<br>Brenda Bannan<br>Everardo Barcenas<br>Yannis Bertrand\u00a0<br>Shameek Bhattacharjee<br>Stefano Chessa<br>Edward Chu<br>Gennaro Cordasco<br>Aaron Crandall<br>Jinshi Cui<br>Tome Eftimov<br>Yu Enokibori<br>Bilal Farooq<br>Sven Fleck<br>Matja\u017e Gams<br>Sonja Gievska<br>Hristijan Gjoreski<br>Martin Gjoreski<br>Carles Gomez<br>Anton Gradi\u0161ek<br>Hans W. Guesgen<br>Jean Hallewell\u00a0Haslwanter<br>Edna Iliana\u00a0Tamariz<br>Bahman Javadi<br>Ashad Kabir<br>Oussama Kamel<br>Anton Kamenskih<br>Okba Kazar<br>Sameer Kishore<br>Alexander Kr\u00f6ner<br>Francesco Leotta<br>Wenjuan Li<br>Ruizhi Liao<br>Mitja Lu\u0161trek<br>Gjorgji Madjarov<br>Eleni Mangina<br>Rene Meier<br>Weizhi Meng<br>Peter Mikulecky<br>Miroslav\u00a0 Mirchev<br>Andres Mu\u00f1oz<br>Oudani Mustapha<br>Dmitry Namiot<br>Hongbo Ni<br>Guanchong Niu<br>Kizito Nkurikiyeyezu<br>Aurobindo\u00a0 Ogra<br>Tsuyoshi Okita<br>Fabio Paterno<br>Florin Pop<br>Davy Preuveneers<br>Mario Quinde<br>Daniele Riboni<br>Nirmalya Roy<br>Jagriti Saini<br>Aditya Santokhee<br>Ricardo Santos<br>Stephan Sigg<br>Sotirios Terzis<br>Yoshito Tobe<br>Vladimir\u00a0 Trajkovic<br>Aysegul Ucar<br>Egon L. van den Broek<br>Cristina Vicente-Chicote<br>Lin Wang<br>Lin Wang<br>Shufan Yang<br>Keiichi Yasumoto<br>Sira Yongchareon<br>Victor Zamudio<br>Herwig Zeiner<br>Xi Zheng<\/p>\n\n\n\n<p> <br><br><br><br><\/p>\n<\/div>\n\n\n\n<div class=\"wp-block-column is-layout-flow wp-block-column-is-layout-flow\" style=\"flex-basis:66.66%\">\n<p><em>Haute Ecole Sp\u00e9cialis\u00e9e de Suisse Occidentale Gen\u00e8ve, Switzerland<br>Gachon University, South Korea<br>RIT-Dubai, United Arab Emirates<br>Seneca College of Applied Arts and Technology, Canada<br>Universidad de Colima, Mex\u00edco<br>Middlesex University, United Kingdom<br>George Mason University, United States<br>Universidad Nacional Aut\u00f3noma de M\u00e9xico, M\u00e9xico<br>Katholieke Universiteit Leuven, Belgium<br>Western Michigan University, United States<br>University of Pisa. Italy<br>National Yunlin University of Science and Technology, Taiwan<br>Universita\u2019 della Campania \u201cL. Vanvitelli\u201d, Italy<br>Gonzaga University, United States<br>Peking University, China<br>Jo\u017eef Stefan Institute, Slovenia<br>Nagoya University, Japan<br>Ryerson University, Canada<br>SmartSurv Vision Systems GmbH, Germany<br>Jo\u017eef Stefan Institute, Slovenia<br>University of Ss. Cyril &amp; Methodius, Republic of North Macedonia<br>University of Ss. Cyril &amp; Methodius, Republic of North Macedonia<br>Universit\u00e0 della Svizzera Italiana, Switzerland<br>Universitat Politecnica de Catalunya, Spain<br>Jo\u017eef Stefan Institute, Slovenia<br>Massey University, Australia<br>University of Applied Sciences Upper Austria, Austria<br>Benem\u00e9rita Universidad Aut\u00f3noma de Puebla, Mex\u00edco<br>Western Sydney University, Australia<br>Charles Sturt University, Australia<br>University of Constantine 3 Salah Boubnider, Algeria<\/em><br><em>Perm National Research Polytechnic University, Russia<br>United Arab Emirates University, United Arab Emirates<br>Middlesex University Dubai,\u00a0United Arab Emirates<br>Technische Hochschule N\u00fcrnberg Georg Simon Ohm, Germany<br>Univerit\u00e0 \u201cSapienza\u201d Roma, Italy<br>The Hong Kong Polytechnic University, Hong Kong<br>The Chinese University of Hong Kong (Shenzhen), Hong Kong<br>Jo\u017eef Stefan Institute, Slovenia<br>University of Ss. Cyril &amp; Methodius, Republic of North Macedonia<br>University College Dublin,\u00a0Ireland<br>Lucerne\u00a0University of Applied Sciences, Switzerland<br>Technical University of Denmark, Denmark<br>University of Hradec Kralove, Czechia<br>University of Ss. Cyril &amp; Methodius, Republic of North Macedonia<br>Universidad de C\u00e1diz, Spain<br>FST F\u00e8s, Morocco<br>Moscow State University, Russia<br>Northwestern Polytechnical University, China<\/em><br><em>Xidian University, China<br>University of Rwanda, Rwanda<br>University of Johannesburg, South Africa<br>Kyushu Institute of Technology, Japan<br>CNR-ISTI, Italy<br>University Politehnica of Bucharest \/ ICI Bucharest, Romania<br>imec-DistriNet, KU Leuven, Belgium<br>Universidad de Piura, Peru<br>University of Cagliari, Italy<br>University of Maryland Baltimore County, United States<br>Eternal RESTEM, Sunder Nagar, HP, India<br>\u00a0Middlesex University Mauritius,\u00a0Mauritius<br>ESTG\/IPP, Portugal<br>Aalto University, Finland<br>University of Strathclyde, United Kingdom<br>Aoyama Gakuin University, Japan<br>FINKI University,\u00a0Republic of North Macedonia<br>Firat University, Turkey<br>Utrecht University, The Netherlands<br>Universidad de Extremadura, Spain<br>Northwest University, United States<\/em><br><em>Northwest University, China<br>Edinburgh Napier University, United Kingdom<br>Nara Institute of Science and Technology, Japan<br>Auckland University of Technology, Australia<\/em><br><em>Instituto Tecnol\u00f3gico de Le\u00f3n, M\u00e9xico<br>Joanneum Research, Austria<br>Macquarie University, Australia<\/em><\/p>\n<\/div>\n<\/div>\n","protected":false},"excerpt":{"rendered":"<p>Nabil AbdennadherShabir AhmadKhalil Al HussaeniMohammed M. AlaniRa\u00fal Teodoro Aquino SantosJuan Carlos AugustoBrenda BannanEverardo BarcenasYannis Bertrand\u00a0Shameek BhattacharjeeStefano ChessaEdward ChuGennaro CordascoAaron CrandallJinshi CuiTome EftimovYu EnokiboriBilal FarooqSven FleckMatja\u017e GamsSonja GievskaHristijan GjoreskiMartin GjoreskiCarles GomezAnton Gradi\u0161ekHans W. GuesgenJean Hallewell\u00a0HaslwanterEdna Iliana\u00a0TamarizBahman JavadiAshad KabirOussama KamelAnton KamenskihOkba KazarSameer KishoreAlexander Kr\u00f6nerFrancesco LeottaWenjuan LiRuizhi LiaoMitja Lu\u0161trekGjorgji MadjarovEleni ManginaRene MeierWeizhi MengPeter MikuleckyMiroslav\u00a0 MirchevAndres Mu\u00f1ozOudani MustaphaDmitry NamiotHongbo &hellip; <\/p>\n","protected":false},"author":1,"featured_media":31,"parent":0,"menu_order":0,"comment_status":"closed","ping_status":"closed","template":"","meta":{"inline_featured_image":false,"footnotes":""},"class_list":["post-222","page","type-page","status-publish","has-post-thumbnail","hentry","latest_post"],"_links":{"self":[{"href":"https:\/\/ie2024.ijs.si\/index.php\/wp-json\/wp\/v2\/pages\/222","targetHints":{"allow":["GET"]}}],"collection":[{"href":"https:\/\/ie2024.ijs.si\/index.php\/wp-json\/wp\/v2\/pages"}],"about":[{"href":"https:\/\/ie2024.ijs.si\/index.php\/wp-json\/wp\/v2\/types\/page"}],"author":[{"embeddable":true,"href":"https:\/\/ie2024.ijs.si\/index.php\/wp-json\/wp\/v2\/users\/1"}],"replies":[{"embeddable":true,"href":"https:\/\/ie2024.ijs.si\/index.php\/wp-json\/wp\/v2\/comments?post=222"}],"version-history":[{"count":22,"href":"https:\/\/ie2024.ijs.si\/index.php\/wp-json\/wp\/v2\/pages\/222\/revisions"}],"predecessor-version":[{"id":762,"href":"https:\/\/ie2024.ijs.si\/index.php\/wp-json\/wp\/v2\/pages\/222\/revisions\/762"}],"wp:featuredmedia":[{"embeddable":true,"href":"https:\/\/ie2024.ijs.si\/index.php\/wp-json\/wp\/v2\/media\/31"}],"wp:attachment":[{"href":"https:\/\/ie2024.ijs.si\/index.php\/wp-json\/wp\/v2\/media?parent=222"}],"curies":[{"name":"wp","href":"https:\/\/api.w.org\/{rel}","templated":true}]}}