{"id":159,"date":"2023-07-18T10:48:03","date_gmt":"2023-07-18T10:48:03","guid":{"rendered":"https:\/\/ie2024.ijs.si\/?page_id=159"},"modified":"2024-06-24T11:14:30","modified_gmt":"2024-06-24T11:14:30","slug":"awards","status":"publish","type":"page","link":"https:\/\/ie2024.ijs.si\/index.php\/awards\/","title":{"rendered":"Awards"},"content":{"rendered":"\n<p>The winners of awards at IE2024:<\/p>\n\n\n\n<ul class=\"wp-block-list\">\n<li><strong>Best full paper award:<\/strong><br>Title: Efficient Real-time On-the-edge Facial Expression Recognition using Optomyography Smart Glasses<br>Authors: <em>Bojan Sofronievski, Ivana Kiprijanovska, Simon Stankoski, Borjan Sazdov, Josif Kjosev, Charles Nduka and Hristijan Gjoreski<\/em><\/li>\n\n\n\n<li><strong>Beatrice Worsley award:<\/strong><br>Title: Efficient Real-time On-the-edge Facial Expression Recognition using Optomyography Smart Glasses<br>Author: <em>Ivana Kiprijanovska<\/em><\/li>\n\n\n\n<li><strong>Best short paper award:<\/strong><br>Title: Generating Human Daily Activities with LLM for Smart Home Simulator Agents<br>Authors: <em>Haruki Yonekura, Fukuharu Tanaka, Teruhiro Mizumoto and Hirozumi Yamaguchi<\/em><\/li>\n\n\n\n<li><strong>Award for the most influential paper in the last 5 years:<\/strong><br>Title: &#8220;Hey Siri, do you understand me?\u201d: Virtual Assistants and Dysarthria, Intelligent Environments 2018<br>Authors: <em>Fabio Ballati, Fulvio Corno and Luigi De Russis<\/em><\/li>\n\n\n\n<li><strong>Best presentation award (female):<\/strong><br>Title: Analysis of Characteristic Functions on Shapley Values in Machine Learning<br>Presenter: <em>Parisa Jamshidi<\/em><\/li>\n\n\n\n<li><strong>Best presentation award (male):<\/strong><br>Title: Exploring the Efficacy of Robotic Assistants with ChatGPT and Claude in Enhancing ADHD Therapy: Innovating Treatment Paradigms<br>Presenter: <em>Santiago Berrezueta-Guzman<\/em><\/li>\n\n\n\n<li><strong>Best demo or video award:<\/strong><br>Title: Smartglasses for Behaviour Monitoring: Recognizing Facial Expressions, Daily Activities, and Eating Habits<br>Authors: <em>Hristijan Gjoreski, Borjan Sazdov, Simon Stankoski, Ivana Kiprijanovska, Filip Panchevski, Bojan Sofronievski, Elena Indovska, Andrew Cleal, Mohsen Fatoorechi, Claire Baert, Charles Nduka, Martin Gjoreski<\/em><\/li>\n<\/ul>\n\n\n\n<hr class=\"wp-block-separator has-alpha-channel-opacity\"\/>\n\n\n\n<p><strong>Best Full Paper Award<\/strong> is accompanied by a certificate and a free 12-month online subscription to\u00a0<a href=\"https:\/\/www.iospress.com\/catalog\/journals\/journal-of-ambient-intelligence-and-smart-environments\" target=\"_blank\" rel=\"noreferrer noopener\">JAISE<\/a>\u00a0provided by our sponsor IOS Press. <strong>Best Short Paper Award<\/strong> is accompanied by a certificate and a book from AISE series. Each remaining award is accompanied by a certificate and a free 3-month online subscription to\u00a0<a href=\"https:\/\/www.iospress.com\/catalog\/journals\/journal-of-ambient-intelligence-and-smart-environments\" target=\"_blank\" rel=\"noreferrer noopener\">JAISE<\/a>\u00a0provided by our sponsor IOS Press.<\/p>\n\n\n\n<h4 class=\"wp-block-heading\">Past Editions Winner<\/h4>\n\n\n\n<ul class=\"wp-block-list\">\n<li><strong>2023<\/strong>\n<ul class=\"wp-block-list\">\n<li><strong>IE23&#8242;<\/strong> <strong>Beatrice WORSLEY Award<\/strong> to the <strong>Best Full Paper<\/strong>: &#8220;Week-long Multimodal Data Acquisition of Occupational Risk Factors in Public Administration Workers&#8221; by <em>Eduarda Oliosi, Phillip Probst, Jo\u00e3o Rodrigues, Lu\u00eds Silva, Daniel Zagalo, C\u00e1tia Cepeda<\/em> and <em>Hugo Gamboa<\/em><\/li>\n\n\n\n<li><strong>IE23&#8242;<\/strong> <strong>Best short paper award<\/strong>: &#8220;Multi-Person Tracking Method Robust to Dynamic Viewport Changes for AR apps&#8221; by <em>Naoya Takahashi, Tatsuya Amano<\/em> and <em>Hirozumi Yamaguchi<\/em><\/li>\n\n\n\n<li><strong>IE23&#8242;<\/strong> <strong>Most Influential paper in the last 5 years<\/strong>: &#8220;Privacy Challenges for Process Mining in Human-Centered Industrial Environments&#8221; by <em>Felix Mannhardt, Sobah Abbas Petersen<\/em> and <em>Manuel Fradinho Oliveira<\/em><\/li>\n\n\n\n<li><strong>IE23&#8242;<\/strong> <strong>Best Presentation<\/strong>&nbsp;award for a <strong>female presenter<\/strong>: <em>Ana Londral <\/em>(Industrial Forum)<\/li>\n\n\n\n<li><strong>IE23&#8242;<\/strong> <strong>Best Presentation<\/strong>&nbsp;award for a <strong>male presenter<\/strong>: <em>Andr\u00e9s Mu\u00f1oz<\/em><\/li>\n<\/ul>\n<\/li>\n\n\n\n<li><strong>2022<\/strong>\n<ul class=\"wp-block-list\">\n<li><strong>IE22&#8242;<\/strong> <strong>Beatrice WORSLEY Award<\/strong> to the <strong>Best Full Paper<\/strong>: \u201cA machine learning-based approach for smart agriculture via stacking-based ensemble learning and feature selection methods\u201d by <em>Emna Ben-Abdallah, Khouloud Boukadi<\/em> and <em>Rima Grati<\/em>.<\/li>\n\n\n\n<li><strong>IE22&#8242;<\/strong> <strong>Best short paper award<\/strong>: &nbsp;\u201cAn Optical Soil Sensor for NPK Nutrient Detection in Smart Cities\u201d by <em>Wei Fan, Kevin Kam, Haokai Zhao, Patricia Culligan<\/em> and <em>Ioannis Kymissis<\/em><\/li>\n\n\n\n<li><strong>IE22&#8242;<\/strong> <strong>Best Demos &amp; Video<\/strong>&nbsp;<strong>award<\/strong>: \u201cPowerJoular and JoularJX: Multi-Platform Software Power Monitoring Tools\u201d by <em>Adel Noureddine<\/em>.<\/li>\n\n\n\n<li><strong>IE22&#8242;<\/strong> <strong>Best Presentation<\/strong>&nbsp;award by a <strong>female presenter<\/strong>: \u201cDriver-Side and Traffic-Based Evaluation Model for On-street Parking Solutions\u201d by <em>Qianyu Ou, Wenjun Zheng, Zhan Shi<\/em> and <em>Ruizhi Liao<\/em><\/li>\n\n\n\n<li><strong>IE22&#8242;<\/strong> <strong>Best Presentation<\/strong>&nbsp;award by a <strong>male presenter<\/strong>: \u201cEvaluation of time-series libraries for temperature prediction in smart greenhouses\u201d by <em>Santiago Ruiz<\/em>, <em>Juan Morales-Garc\u00eda<\/em>, <em>Jos\u00e9 M Cecilia<\/em>, <em>Carlos Calafate, Juan-Carlos Cano<\/em> and <em>Pietro Manzoni<\/em>.<\/li>\n<\/ul>\n<\/li>\n\n\n\n<li><strong>2021<\/strong>\n<ul class=\"wp-block-list\">\n<li><strong>IE\u201921 Best Full Paper<\/strong>: \u201cGRETA: Pervasive and AR interfaces for Controlling Intelligent Greenhouses\u201d by <em>Iraklis Bekiaris, Asterios Leonidis, Maria Korozi, Christos Stratakis Emmanouil Zidianakis, Maria Doxastaki<\/em> and <em>Constantine Stephanidis<\/em>.<\/li>\n\n\n\n<li><strong>IE22&#8242;<\/strong> <strong>Best short paper award<\/strong>: \u201cExperimenting a Healthy Ageing Community in Immersive Virtual Reality Environment: The Case of World\u2019s Longest-lived Populations\u201d by <em>Peyman Najafi, Masi Mohammadi, Pascale M. Le Blanc<\/em> and <em>Pieter Van Wesemael<\/em>.<\/li>\n\n\n\n<li><strong>IE\u201921 Beatrice WORSLEY Award<\/strong> for the <strong>best female researcher<\/strong>: Masi Mohammadi, Eindhoven University of Technology.<\/li>\n<\/ul>\n<\/li>\n\n\n\n<li><strong>2020<\/strong>\n<ul class=\"wp-block-list\">\n<li><strong>IE\u201920 Best Full Paper:<\/strong> \u201cTowards an automatic recommendation system to well-being for elderly based on augmented reality\u201d by <em>Luis Ronquillo, V\u00edctor Zamudio, David Guti\u00e9rrez-Hern\u00e1ndez, Javier Navarro, Faiyaz Doctor<\/em> and <em>Carlos Lino<\/em>.<\/li>\n\n\n\n<li><strong>IE\u201920 Best Short Paper:<\/strong> \u201cEstimation of User\u2019s Orientation via Wearable UWB\u201d by <em>Chiara Bonsignori, Fabio Condomitti, Marco Del Gamba, Federico Garzelli, Leonardo Lossi, Francesco Mione, Alessandro Noferi<\/em> and <em>Alessio Vecchio<\/em>.<\/li>\n<\/ul>\n<\/li>\n\n\n\n<li><strong>2019<\/strong>\n<ul class=\"wp-block-list\">\n<li><strong>IE\u201919 Best Full Paper:<\/strong> \u201cRemote Detection of Indoor Human Proximity using Bluetooth Low Energy Beacons\u201d by <em>Michele Girolami, Fabio Mavilia, Paolo Barsocchi, Filippo Palumbo<\/em> and <em>Stefano Chessa<\/em><\/li>\n\n\n\n<li><strong>IE\u201919 Best Short Paper:<\/strong> \u201cHolistic Blockchain Approach to Trust, Privacy and Security in IoT based Ambient Assisted Living\u201d by <em>Akpanakak Henry Mkpa, Jeannette Chin<\/em> and <em>Andrain Winckles<\/em><\/li>\n<\/ul>\n<\/li>\n\n\n\n<li><strong>2018<\/strong>\n<ul class=\"wp-block-list\">\n<li><strong>IE\u201918 Best Full Paper:<\/strong> \u201cMining Local Process Models with Constraints Efficiently: Applications to the Analysis of Smart Home Data\u201d by <em>Niek Tax, Natalia Sidorova, Reinder Haakma<\/em> and <em>Wil M. P. van der Aalst.<\/em><\/li>\n\n\n\n<li><strong>IE\u201918 Best Short Paper: <\/strong>\u201cImplementation and Evaluation of Peripheral Light Feedback for Mid-Air Gesture Interaction in the Car\u201d by <em>Florian Roider <\/em>and <em>Konstantin Raab<\/em>.<\/li>\n\n\n\n<li><strong>IE\u201918 Best Presentation: <\/strong>\u201cImplementation and Evaluation of Peripheral Light Feedback for Mid-Air Gesture Interaction in the Car\u201d offered to <em>Florian Roider<\/em>.<\/li>\n\n\n\n<li><strong>IE\u201918 Best Doctoral Colloquium Paper:<\/strong> \u201cAnomaly Detection in Elderly Daily Behavior\u201d by <em>Parvaneh Parvin, Fabio Paterno<\/em> and <em>Stefano Chessa<\/em>.<\/li>\n\n\n\n<li><strong>IE\u201918 Best Reviewer:<\/strong> <em>Miguel J. Hornos<\/em><\/li>\n<\/ul>\n<\/li>\n\n\n\n<li><strong>2016<\/strong>\n<ul class=\"wp-block-list\">\n<li><strong>IE\u201916 Best Full Paper: <\/strong>\u201cEvaluating future automation work in process plants with an experience-driven science fiction prototype\u201d by <em>T. Kym\u00e4l\u00e4inen, E. Kaasinen, M. Aikala, H. Paunonen, J. Ruotsalainen, L. Hakulinen, T. Heimonen<\/em>, and <em>P. Mannonen<\/em>.<\/li>\n\n\n\n<li><strong>IE\u201916 Best Short Paper:<\/strong> \u201cMoney Handling Training: Applications for Persons with Downs Syndrome\u201d by <em>S. Rus<\/em> and <em>A. Braun.<\/em><\/li>\n\n\n\n<li><strong>IE\u201916 Best Doctoral Colloquium Paper:<\/strong> \u201cActivity Recognition from Video Data using Spatial and Temporal Features\u201d by <em>M. Al-Wattar, R. Khusainov, D. Azzi,<\/em> and <em>J. Chiverton.<\/em><\/li>\n\n\n\n<li><strong>IE\u201916 Best Demo\/Video Paper: <\/strong>\u201cHuman Gaze and Focusof- Attention in Dual Reality Human-Robot Collaboration\u201d by <em>M.M. Moniri, F.A. Espinosa Valcarcel, D. Merkel,<\/em> and <em>D. Sonntag.<\/em><\/li>\n<\/ul>\n<\/li>\n<\/ul>\n\n\n\n<h2 class=\"wp-block-heading\">In cooperation with:<\/h2>\n\n\n\n<div class=\"wp-block-columns is-layout-flex wp-container-core-columns-is-layout-9d6595d7 wp-block-columns-is-layout-flex\">\n<div class=\"wp-block-column is-layout-flow wp-block-column-is-layout-flow\" style=\"flex-basis:100%\">\n<div class=\"wp-block-group\"><div class=\"wp-block-group__inner-container is-layout-constrained wp-block-group-is-layout-constrained\">\n<div class=\"wp-block-columns is-layout-flex wp-container-core-columns-is-layout-9d6595d7 wp-block-columns-is-layout-flex\">\n<div class=\"wp-block-column is-layout-flow wp-block-column-is-layout-flow\">\n<figure class=\"wp-block-image size-full\"><img decoding=\"async\" src=\"data:image\/gif;base64,R0lGODlhAQABAAAAACH5BAEKAAEALAAAAAABAAEAAAICTAEAOw==\" data-layzr=\"https:\/\/ie2024.ijs.si\/wp-content\/uploads\/2023\/07\/IOSpress-1.jpg\" alt=\"\" class=\"wp-image-166\"\/><\/figure>\n<\/div>\n\n\n\n<div class=\"wp-block-column is-layout-flow wp-block-column-is-layout-flow\"><\/div>\n\n\n\n<div class=\"wp-block-column is-layout-flow wp-block-column-is-layout-flow\"><\/div>\n<\/div>\n<\/div><\/div>\n<\/div>\n<\/div>\n","protected":false},"excerpt":{"rendered":"<p>The winners of awards at IE2024: Best Full Paper Award is accompanied by a certificate and a free 12-month online subscription to\u00a0JAISE\u00a0provided by our sponsor IOS Press. Best Short Paper Award is accompanied by a certificate and a book from AISE series. Each remaining award is accompanied by a certificate and a free 3-month online &hellip; <\/p>\n","protected":false},"author":1,"featured_media":31,"parent":0,"menu_order":0,"comment_status":"closed","ping_status":"closed","template":"","meta":{"inline_featured_image":false,"footnotes":""},"class_list":["post-159","page","type-page","status-publish","has-post-thumbnail","hentry","latest_post"],"_links":{"self":[{"href":"https:\/\/ie2024.ijs.si\/index.php\/wp-json\/wp\/v2\/pages\/159","targetHints":{"allow":["GET"]}}],"collection":[{"href":"https:\/\/ie2024.ijs.si\/index.php\/wp-json\/wp\/v2\/pages"}],"about":[{"href":"https:\/\/ie2024.ijs.si\/index.php\/wp-json\/wp\/v2\/types\/page"}],"author":[{"embeddable":true,"href":"https:\/\/ie2024.ijs.si\/index.php\/wp-json\/wp\/v2\/users\/1"}],"replies":[{"embeddable":true,"href":"https:\/\/ie2024.ijs.si\/index.php\/wp-json\/wp\/v2\/comments?post=159"}],"version-history":[{"count":16,"href":"https:\/\/ie2024.ijs.si\/index.php\/wp-json\/wp\/v2\/pages\/159\/revisions"}],"predecessor-version":[{"id":955,"href":"https:\/\/ie2024.ijs.si\/index.php\/wp-json\/wp\/v2\/pages\/159\/revisions\/955"}],"wp:featuredmedia":[{"embeddable":true,"href":"https:\/\/ie2024.ijs.si\/index.php\/wp-json\/wp\/v2\/media\/31"}],"wp:attachment":[{"href":"https:\/\/ie2024.ijs.si\/index.php\/wp-json\/wp\/v2\/media?parent=159"}],"curies":[{"name":"wp","href":"https:\/\/api.w.org\/{rel}","templated":true}]}}